{"id":238,"date":"2021-03-08T15:57:31","date_gmt":"2021-03-08T15:57:31","guid":{"rendered":"http:\/\/motum-projekt.de\/?page_id=238"},"modified":"2021-03-12T07:45:04","modified_gmt":"2021-03-12T07:45:04","slug":"kunden","status":"publish","type":"page","link":"https:\/\/motum-projekt.de\/?page_id=238","title":{"rendered":"Kontakt"},"content":{"rendered":"<p>[et_pb_section fb_built=&#8220;1&#8243; custom_padding_last_edited=&#8220;on|tablet&#8220; admin_label=&#8220;Hero&#8220; _builder_version=&#8220;4.9.1&#8243; background_image=&#8220;http:\/\/motum-projekt.de\/wp-content\/uploads\/2021\/03\/business-coach-0037.jpg&#8220; custom_padding=&#8220;6vw|0px|14vw|0px|false|false&#8220; custom_padding_tablet=&#8220;||6vw|&#8220; custom_padding_phone=&#8220;&#8220;][et_pb_row _builder_version=&#8220;3.25&#8243;][et_pb_column type=&#8220;4_4&#8243; _builder_version=&#8220;3.25&#8243; custom_padding=&#8220;|||&#8220; custom_padding__hover=&#8220;|||&#8220;][et_pb_text _builder_version=&#8220;4.9.1&#8243; text_font=&#8220;Nunito|600|on||||||&#8220; text_font_size=&#8220;29px&#8220; text_line_height=&#8220;1.8em&#8220; ul_font=&#8220;||||||||&#8220; ol_font=&#8220;||||||||&#8220; header_font=&#8220;Nunito|600|||||||&#8220; header_font_size=&#8220;70px&#8220; header_line_height=&#8220;1.5em&#8220; header_2_font=&#8220;||||||||&#8220; header_3_font=&#8220;Lato|700||on|||||&#8220; header_3_text_color=&#8220;#ffffff&#8220; header_3_font_size=&#8220;20px&#8220; header_3_line_height=&#8220;1.5em&#8220; header_4_font=&#8220;||||||||&#8220; header_5_font=&#8220;||||||||&#8220; header_6_font=&#8220;||||||||&#8220; text_orientation=&#8220;center&#8220; background_layout=&#8220;dark&#8220; custom_margin=&#8220;|||&#8220; header_font_size_tablet=&#8220;50px&#8220; header_font_size_phone=&#8220;32px&#8220; header_font_size_last_edited=&#8220;on|tablet&#8220; header_3_font_size_tablet=&#8220;50px&#8220; header_3_font_size_phone=&#8220;32px&#8220; header_3_font_size_last_edited=&#8220;off|desktop&#8220; locked=&#8220;off&#8220; inline_fonts=&#8220;Nunito&#8220;]<\/p>\n<h1><strong><span style=\"font-family: Nunito;\">Nehmen Sie Kontakt auf<\/span><\/strong><\/h1>\n<p>Eine kurze Nachricht von Ihnen und wir vereinbaren einen Termin f\u00fcr ein erstes Telefonat. So kann ich mir Zeit f\u00fcr Ihr Anliegen nehmen. Das Erstgespr\u00e4ch ist unverbindlich und kostenfrei!<\/p>\n<p>[\/et_pb_text][\/et_pb_column][\/et_pb_row][\/et_pb_section][et_pb_section fb_built=&#8220;1&#8243; admin_label=&#8220;Contact&#8220; _builder_version=&#8220;4.9.1&#8243; custom_margin=&#8220;|||&#8220; custom_padding=&#8220;50px|0px|100px|0px|false|false&#8220;][et_pb_row column_structure=&#8220;1_3,2_3&#8243; custom_padding_last_edited=&#8220;on|phone&#8220; _builder_version=&#8220;3.25&#8243; background_color=&#8220;#3550a0&#8243; custom_margin=&#8220;-196px|auto||auto||&#8220; custom_margin_tablet=&#8220;0px|||&#8220; custom_margin_phone=&#8220;|||&#8220; custom_margin_last_edited=&#8220;on|tablet&#8220; custom_padding=&#8220;40px|4%|40px|4%|true|true&#8220; custom_padding_tablet=&#8220;|50px||50px||true&#8220; custom_padding_phone=&#8220;24px|24px|24px|24px|true|true&#8220; animation_style=&#8220;zoom&#8220; animation_intensity_zoom=&#8220;2%&#8220; box_shadow_style=&#8220;preset3&#8243; box_shadow_vertical=&#8220;100px&#8220; box_shadow_blur=&#8220;100px&#8220; box_shadow_spread=&#8220;-60px&#8220;][et_pb_column type=&#8220;1_3&#8243; _builder_version=&#8220;3.25&#8243; custom_padding=&#8220;|||&#8220; custom_padding__hover=&#8220;|||&#8220;][et_pb_text _builder_version=&#8220;4.9.1&#8243; text_font=&#8220;Lato||||||||&#8220; text_font_size=&#8220;16px&#8220; text_line_height=&#8220;1.8em&#8220; link_font=&#8220;||||||||&#8220; link_text_color=&#8220;#ffffff&#8220; ul_font=&#8220;||||||||&#8220; ol_font=&#8220;||||||||&#8220; quote_font=&#8220;||||||||&#8220; header_font=&#8220;||||||||&#8220; header_font_size=&#8220;40px&#8220; header_2_font=&#8220;Playfair Display|700|||||||&#8220; header_2_font_size=&#8220;40px&#8220; header_2_line_height=&#8220;1.5em&#8220; header_3_font=&#8220;||||||||&#8220; header_4_font=&#8220;Lato|700|||||||&#8220; header_4_font_size=&#8220;16px&#8220; header_4_line_height=&#8220;1.5em&#8220; header_5_font=&#8220;||||||||&#8220; header_6_font=&#8220;||||||||&#8220; background_layout=&#8220;dark&#8220; width=&#8220;87%&#8220; custom_margin=&#8220;|92px||||&#8220; custom_padding=&#8220;|||&#8220; header_font_size_tablet=&#8220;30px&#8220; header_font_size_phone=&#8220;24px&#8220; header_font_size_last_edited=&#8220;on|phone&#8220; header_2_font_size_tablet=&#8220;30px&#8220; header_2_font_size_phone=&#8220;&#8220; header_2_font_size_last_edited=&#8220;on|tablet&#8220; locked=&#8220;off&#8220; inline_fonts=&#8220;Nunito&#8220;]<\/p>\n<h2><span style=\"font-family: Nunito;\">Kontakt<\/span><\/h2>\n<h4>Telefon<\/h4>\n<p><a href=\"#\">+49 (030) 64 32 74 67<\/a><\/p>\n<h4><\/h4>\n<h4>Email<\/h4>\n<p><a href=\"#\">kontakt (@) motum-projekt.de<\/a><\/p>\n<h4><\/h4>\n<h4>Postanschrift<\/h4>\n<p>Potsdamer Str. 31<\/p>\n<p>D &#8211; 12205 Berlin<\/p>\n<p>[\/et_pb_text][\/et_pb_column][et_pb_column type=&#8220;2_3&#8243; _builder_version=&#8220;3.25&#8243; custom_padding=&#8220;|||&#8220; custom_padding__hover=&#8220;|||&#8220;][et_pb_contact_form captcha=&#8220;off&#8220; email=&#8220;info@motum-projekt.de&#8220; custom_message=&#8220;Name: %%Name%%||et_pb_line_break_holder||||et_pb_line_break_holder||Telefon: %%Telefon-Nr.%%||et_pb_line_break_holder||||et_pb_line_break_holder||E-Mail: %%Email%%||et_pb_line_break_holder||||et_pb_line_break_holder||Thema: %%Service%%||et_pb_line_break_holder||||et_pb_line_break_holder||Nachricht:||et_pb_line_break_holder||||et_pb_line_break_holder||%%Message%%||et_pb_line_break_holder||&#8220; success_message=&#8220;Vielen Dank f\u00fcr Ihre Nachricht! Wir melden uns baldm\u00f6glichs bei Ihnen!&#8220; module_id=&#8220;et_pb_contact_form_0&#8243; _builder_version=&#8220;4.9.1&#8243; form_field_background_color=&#8220;rgba(0,0,0,0.1)&#8220; form_field_text_color=&#8220;#ffffff&#8220; title_level=&#8220;h2&#8243; title_font=&#8220;||||||||&#8220; title_text_align=&#8220;center&#8220; title_text_color=&#8220;#ffffff&#8220; title_font_size=&#8220;50px&#8220; title_line_height=&#8220;1.5em&#8220; form_field_font=&#8220;||||||||&#8220; form_field_font_size=&#8220;16px&#8220; form_field_line_height=&#8220;1.5em&#8220; custom_button=&#8220;on&#8220; button_text_size=&#8220;16px&#8220; button_text_color=&#8220;#3550a0&#8243; button_bg_color=&#8220;#ffffff&#8220; button_border_width=&#8220;10px&#8220; button_border_color=&#8220;rgba(210,159,104,0)&#8220; button_border_radius=&#8220;100px&#8220; button_font=&#8220;Lato|900|||||||&#8220; button_use_icon=&#8220;off&#8220; max_width=&#8220;750px&#8220; max_width_last_edited=&#8220;off|desktop&#8220; module_alignment=&#8220;center&#8220; custom_margin=&#8220;|||&#8220; custom_margin_tablet=&#8220;|50px||50px&#8220; custom_margin_phone=&#8220;|50px||50px&#8220; custom_margin_last_edited=&#8220;off|desktop&#8220; form_background_color=&#8220;rgba(0,0,0,0.1)&#8220; button_text_color_hover=&#8220;#3550a0&#8243; button_bg_color_hover=&#8220;rgba(255,255,255,0.8)&#8220;][et_pb_contact_field field_id=&#8220;Name&#8220; field_title=&#8220;Name&#8220; _builder_version=&#8220;4.9.1&#8243; form_field_text_color=&#8220;#FFFFFF&#8220; button_text_size__hover_enabled=&#8220;off&#8220; button_one_text_size__hover_enabled=&#8220;off&#8220; button_two_text_size__hover_enabled=&#8220;off&#8220; button_text_color__hover_enabled=&#8220;off&#8220; button_one_text_color__hover_enabled=&#8220;off&#8220; button_two_text_color__hover_enabled=&#8220;off&#8220; button_border_width__hover_enabled=&#8220;off&#8220; button_one_border_width__hover_enabled=&#8220;off&#8220; button_two_border_width__hover_enabled=&#8220;off&#8220; button_border_color__hover_enabled=&#8220;off&#8220; button_one_border_color__hover_enabled=&#8220;off&#8220; button_two_border_color__hover_enabled=&#8220;off&#8220; button_border_radius__hover_enabled=&#8220;off&#8220; button_one_border_radius__hover_enabled=&#8220;off&#8220; button_two_border_radius__hover_enabled=&#8220;off&#8220; button_letter_spacing__hover_enabled=&#8220;off&#8220; button_one_letter_spacing__hover_enabled=&#8220;off&#8220; button_two_letter_spacing__hover_enabled=&#8220;off&#8220; button_bg_color__hover_enabled=&#8220;off&#8220; button_one_bg_color__hover_enabled=&#8220;off&#8220; button_two_bg_color__hover_enabled=&#8220;off&#8220;][\/et_pb_contact_field][et_pb_contact_field field_id=&#8220;Telefon-Nr.&#8220; field_title=&#8220;Telefon-Nummer&#8220; required_mark=&#8220;off&#8220; _builder_version=&#8220;4.9.1&#8243; form_field_text_color=&#8220;#FFFFFF&#8220; button_text_size__hover_enabled=&#8220;off&#8220; button_one_text_size__hover_enabled=&#8220;off&#8220; button_two_text_size__hover_enabled=&#8220;off&#8220; button_text_color__hover_enabled=&#8220;off&#8220; button_one_text_color__hover_enabled=&#8220;off&#8220; button_two_text_color__hover_enabled=&#8220;off&#8220; button_border_width__hover_enabled=&#8220;off&#8220; button_one_border_width__hover_enabled=&#8220;off&#8220; button_two_border_width__hover_enabled=&#8220;off&#8220; button_border_color__hover_enabled=&#8220;off&#8220; button_one_border_color__hover_enabled=&#8220;off&#8220; button_two_border_color__hover_enabled=&#8220;off&#8220; button_border_radius__hover_enabled=&#8220;off&#8220; button_one_border_radius__hover_enabled=&#8220;off&#8220; button_two_border_radius__hover_enabled=&#8220;off&#8220; button_letter_spacing__hover_enabled=&#8220;off&#8220; button_one_letter_spacing__hover_enabled=&#8220;off&#8220; button_two_letter_spacing__hover_enabled=&#8220;off&#8220; button_bg_color__hover_enabled=&#8220;off&#8220; button_one_bg_color__hover_enabled=&#8220;off&#8220; button_two_bg_color__hover_enabled=&#8220;off&#8220;][\/et_pb_contact_field][et_pb_contact_field field_id=&#8220;Email&#8220; field_title=&#8220;Email Adresse&#8220; field_type=&#8220;email&#8220; fullwidth_field=&#8220;on&#8220; _builder_version=&#8220;4.9.1&#8243; form_field_text_color=&#8220;#FFFFFF&#8220; button_text_size__hover_enabled=&#8220;off&#8220; button_one_text_size__hover_enabled=&#8220;off&#8220; button_two_text_size__hover_enabled=&#8220;off&#8220; button_text_color__hover_enabled=&#8220;off&#8220; button_one_text_color__hover_enabled=&#8220;off&#8220; button_two_text_color__hover_enabled=&#8220;off&#8220; button_border_width__hover_enabled=&#8220;off&#8220; button_one_border_width__hover_enabled=&#8220;off&#8220; button_two_border_width__hover_enabled=&#8220;off&#8220; button_border_color__hover_enabled=&#8220;off&#8220; button_one_border_color__hover_enabled=&#8220;off&#8220; button_two_border_color__hover_enabled=&#8220;off&#8220; button_border_radius__hover_enabled=&#8220;off&#8220; button_one_border_radius__hover_enabled=&#8220;off&#8220; button_two_border_radius__hover_enabled=&#8220;off&#8220; button_letter_spacing__hover_enabled=&#8220;off&#8220; button_one_letter_spacing__hover_enabled=&#8220;off&#8220; button_two_letter_spacing__hover_enabled=&#8220;off&#8220; button_bg_color__hover_enabled=&#8220;off&#8220; button_one_bg_color__hover_enabled=&#8220;off&#8220; button_two_bg_color__hover_enabled=&#8220;off&#8220;][\/et_pb_contact_field][et_pb_contact_field field_id=&#8220;Service&#8220; field_title=&#8220;Auswahl Beratung\/Coaching-Themen&#8220; field_type=&#8220;select&#8220; select_options=&#8220;%91{%22value%22:%22Unternehmensberatung%22,%22checked%22:0,%22dragID%22:-1},{%22value%22:%22Coaching%22,%22checked%22:0,%22dragID%22:0},{%22value%22:%22Seminar%22,%22checked%22:0,%22dragID%22:1},{%22value%22:%22Workshop%22,%22checked%22:0,%22dragID%22:2},{%22value%22:%22Sonstiges%22,%22checked%22:0,%22dragID%22:3}%93&#8243; required_mark=&#8220;off&#8220; fullwidth_field=&#8220;on&#8220; _builder_version=&#8220;4.9.1&#8243; form_field_text_color=&#8220;#FFFFFF&#8220; form_field_focus_background_color=&#8220;#0C71C3&#8243; form_field_focus_text_color=&#8220;#FFFFFF&#8220; button_text_size__hover_enabled=&#8220;off&#8220; button_one_text_size__hover_enabled=&#8220;off&#8220; button_two_text_size__hover_enabled=&#8220;off&#8220; button_text_color__hover_enabled=&#8220;off&#8220; button_one_text_color__hover_enabled=&#8220;off&#8220; button_two_text_color__hover_enabled=&#8220;off&#8220; button_border_width__hover_enabled=&#8220;off&#8220; button_one_border_width__hover_enabled=&#8220;off&#8220; button_two_border_width__hover_enabled=&#8220;off&#8220; button_border_color__hover_enabled=&#8220;off&#8220; button_one_border_color__hover_enabled=&#8220;off&#8220; button_two_border_color__hover_enabled=&#8220;off&#8220; button_border_radius__hover_enabled=&#8220;off&#8220; button_one_border_radius__hover_enabled=&#8220;off&#8220; button_two_border_radius__hover_enabled=&#8220;off&#8220; button_letter_spacing__hover_enabled=&#8220;off&#8220; button_one_letter_spacing__hover_enabled=&#8220;off&#8220; button_two_letter_spacing__hover_enabled=&#8220;off&#8220; button_bg_color__hover_enabled=&#8220;off&#8220; button_one_bg_color__hover_enabled=&#8220;off&#8220; button_two_bg_color__hover_enabled=&#8220;off&#8220;][\/et_pb_contact_field][et_pb_contact_field field_id=&#8220;Message&#8220; field_title=&#8220;Ihre Frage oder Nachricht (Eingabe erforderlich):&#8220; field_type=&#8220;text&#8220; fullwidth_field=&#8220;on&#8220; _builder_version=&#8220;4.9.1&#8243; form_field_text_color=&#8220;#FFFFFF&#8220; button_text_size__hover_enabled=&#8220;off&#8220; button_one_text_size__hover_enabled=&#8220;off&#8220; button_two_text_size__hover_enabled=&#8220;off&#8220; button_text_color__hover_enabled=&#8220;off&#8220; button_one_text_color__hover_enabled=&#8220;off&#8220; button_two_text_color__hover_enabled=&#8220;off&#8220; button_border_width__hover_enabled=&#8220;off&#8220; button_one_border_width__hover_enabled=&#8220;off&#8220; button_two_border_width__hover_enabled=&#8220;off&#8220; button_border_color__hover_enabled=&#8220;off&#8220; button_one_border_color__hover_enabled=&#8220;off&#8220; button_two_border_color__hover_enabled=&#8220;off&#8220; button_border_radius__hover_enabled=&#8220;off&#8220; button_one_border_radius__hover_enabled=&#8220;off&#8220; button_two_border_radius__hover_enabled=&#8220;off&#8220; button_letter_spacing__hover_enabled=&#8220;off&#8220; button_one_letter_spacing__hover_enabled=&#8220;off&#8220; button_two_letter_spacing__hover_enabled=&#8220;off&#8220; button_bg_color__hover_enabled=&#8220;off&#8220; button_one_bg_color__hover_enabled=&#8220;off&#8220; button_two_bg_color__hover_enabled=&#8220;off&#8220;][\/et_pb_contact_field][\/et_pb_contact_form][\/et_pb_column][\/et_pb_row][\/et_pb_section][et_pb_section fb_built=&#8220;1&#8243; padding_2_tablet=&#8220;60px|50px|60px|50px|true|true&#8220; admin_label=&#8220;Footer&#8220; _builder_version=&#8220;3.22&#8243; use_background_color_gradient=&#8220;on&#8220; background_color_gradient_start=&#8220;#ffffff&#8220; background_color_gradient_end=&#8220;rgba(240,242,246,0.5)&#8220; background_color_gradient_direction=&#8220;90deg&#8220; background_color_gradient_start_position=&#8220;70%&#8220; background_color_gradient_end_position=&#8220;30%&#8220; saved_tabs=&#8220;all&#8220;][et_pb_row column_structure=&#8220;1_2,1_2&#8243; _builder_version=&#8220;3.25&#8243;][et_pb_column type=&#8220;1_2&#8243; _builder_version=&#8220;3.25&#8243; custom_padding=&#8220;|||&#8220; custom_padding__hover=&#8220;|||&#8220;][et_pb_signup mailchimp_list=&#8220;SlavaET|42d4a98af1&#8243; layout=&#8220;top_bottom&#8220; first_name_field=&#8220;off&#8220; last_name_field=&#8220;off&#8220; title=&#8220;Anmeldung f\u00fcr unseren Newsletter&#8220; description=&#8220;<\/p>\n<p>In unregelm\u00e4\u00dfigen Abst\u00e4nden schreiben wir \u00fcber unsere Beratungs- und Coaching-Ans\u00e4tze und informieren Sie \u00fcber aktuelle Angebote.<\/p>\n<p>&#8220; _builder_version=&#8220;3.23&#8243; form_field_background_color=&#8220;#f0f2f6&#8243; header_level=&#8220;h4&#8243; header_font=&#8220;Lato|700|||||||&#8220; header_font_size=&#8220;24px&#8220; header_line_height=&#8220;1.5em&#8220; body_font=&#8220;||||||||&#8220; body_font_size=&#8220;16px&#8220; body_line_height=&#8220;1.9em&#8220; form_field_font=&#8220;||||||||&#8220; form_field_line_height=&#8220;1.5em&#8220; use_background_color=&#8220;off&#8220; custom_button=&#8220;on&#8220; button_text_size=&#8220;16px&#8220; button_text_color=&#8220;#ffffff&#8220; button_bg_color=&#8220;#3550a0&#8243; button_border_width=&#8220;10px&#8220; button_border_color=&#8220;rgba(210,159,104,0)&#8220; button_border_radius=&#8220;100px&#8220; button_font=&#8220;Lato|900|||||||&#8220; button_use_icon=&#8220;off&#8220; background_layout=&#8220;light&#8220; header_font_size_tablet=&#8220;&#8220; header_font_size_phone=&#8220;20px&#8220; header_font_size_last_edited=&#8220;on|phone&#8220; border_radii_fields=&#8220;on|36px|36px|36px|36px&#8220; button_bg_color_hover=&#8220;#4159a0&#8243; locked=&#8220;off&#8220; button_text_size__hover_enabled=&#8220;off&#8220; button_one_text_size__hover_enabled=&#8220;off&#8220; button_two_text_size__hover_enabled=&#8220;off&#8220; button_text_color__hover_enabled=&#8220;off&#8220; button_one_text_color__hover_enabled=&#8220;off&#8220; button_two_text_color__hover_enabled=&#8220;off&#8220; button_border_width__hover_enabled=&#8220;off&#8220; button_one_border_width__hover_enabled=&#8220;off&#8220; button_two_border_width__hover_enabled=&#8220;off&#8220; button_border_color__hover_enabled=&#8220;off&#8220; button_one_border_color__hover_enabled=&#8220;off&#8220; button_two_border_color__hover_enabled=&#8220;off&#8220; button_border_radius__hover_enabled=&#8220;off&#8220; button_one_border_radius__hover_enabled=&#8220;off&#8220; button_two_border_radius__hover_enabled=&#8220;off&#8220; button_letter_spacing__hover_enabled=&#8220;off&#8220; button_one_letter_spacing__hover_enabled=&#8220;off&#8220; button_two_letter_spacing__hover_enabled=&#8220;off&#8220; button_bg_color__hover_enabled=&#8220;on&#8220; button_bg_color__hover=&#8220;#4159a0&#8243; button_one_bg_color__hover_enabled=&#8220;off&#8220; button_two_bg_color__hover_enabled=&#8220;off&#8220;][\/et_pb_signup][et_pb_social_media_follow _builder_version=&#8220;4.9.1&#8243; border_radii=&#8220;on|100px|100px|100px|100px&#8220; locked=&#8220;off&#8220;][\/et_pb_social_media_follow][\/et_pb_column][et_pb_column type=&#8220;1_2&#8243; _builder_version=&#8220;3.25&#8243; custom_padding=&#8220;|||&#8220; custom_padding__hover=&#8220;|||&#8220;][et_pb_map address=&#8220;San Francisco, CA, USA&#8220; address_lat=&#8220;37.7749295&#8243; address_lng=&#8220;-122.4194155&#8243; _builder_version=&#8220;4.9.1&#8243; background_image=&#8220;http:\/\/motum-projekt.de\/wp-content\/uploads\/2019\/12\/pixabay_startup-594090-scaled.jpg&#8220; filter_saturate=&#8220;0%&#8220; animation_style=&#8220;zoom&#8220; animation_intensity_zoom=&#8220;2%&#8220; box_shadow_style=&#8220;preset3&#8243; box_shadow_vertical=&#8220;100px&#8220; box_shadow_blur=&#8220;100px&#8220; box_shadow_spread=&#8220;-60px&#8220;][et_pb_map_pin pin_address=&#8220;San Francisco, CA, USA&#8220; pin_address_lat=&#8220;37.7749295&#8243; pin_address_lng=&#8220;-122.4194155&#8243; _builder_version=&#8220;3.10.2&#8243;][\/et_pb_map_pin][\/et_pb_map][\/et_pb_column][\/et_pb_row][\/et_pb_section]<\/p>\n","protected":false},"excerpt":{"rendered":"<p>[et_pb_section fb_built=&#8220;1&#8243; custom_padding_last_edited=&#8220;on|tablet&#8220; admin_label=&#8220;Hero&#8220; _builder_version=&#8220;4.9.1&#8243; background_image=&#8220;http:\/\/motum-projekt.de\/wp-content\/uploads\/2021\/03\/business-coach-0037.jpg&#8220; custom_padding=&#8220;6vw|0px|14vw|0px|false|false&#8220; custom_padding_tablet=&#8220;||6vw|&#8220; custom_padding_phone=&#8220;&#8220;][et_pb_row _builder_version=&#8220;3.25&#8243;][et_pb_column type=&#8220;4_4&#8243; _builder_version=&#8220;3.25&#8243; custom_padding=&#8220;|||&#8220; custom_padding__hover=&#8220;|||&#8220;][et_pb_text _builder_version=&#8220;4.9.1&#8243; text_font=&#8220;Nunito|600|on||||||&#8220; text_font_size=&#8220;29px&#8220; text_line_height=&#8220;1.8em&#8220; ul_font=&#8220;||||||||&#8220; ol_font=&#8220;||||||||&#8220; header_font=&#8220;Nunito|600|||||||&#8220; header_font_size=&#8220;70px&#8220; header_line_height=&#8220;1.5em&#8220; header_2_font=&#8220;||||||||&#8220; header_3_font=&#8220;Lato|700||on|||||&#8220; header_3_text_color=&#8220;#ffffff&#8220; header_3_font_size=&#8220;20px&#8220; header_3_line_height=&#8220;1.5em&#8220; header_4_font=&#8220;||||||||&#8220; header_5_font=&#8220;||||||||&#8220; header_6_font=&#8220;||||||||&#8220; text_orientation=&#8220;center&#8220; background_layout=&#8220;dark&#8220; custom_margin=&#8220;|||&#8220; header_font_size_tablet=&#8220;50px&#8220; header_font_size_phone=&#8220;32px&#8220; header_font_size_last_edited=&#8220;on|tablet&#8220; header_3_font_size_tablet=&#8220;50px&#8220; header_3_font_size_phone=&#8220;32px&#8220; header_3_font_size_last_edited=&#8220;off|desktop&#8220; locked=&#8220;off&#8220; inline_fonts=&#8220;Nunito&#8220;] Nehmen Sie Kontakt auf Eine kurze Nachricht von Ihnen und wir vereinbaren einen [&hellip;]<\/p>\n","protected":false},"author":1,"featured_media":0,"parent":0,"menu_order":0,"comment_status":"closed","ping_status":"closed","template":"","meta":{"_et_pb_use_builder":"on","_et_pb_old_content":"","_et_gb_content_width":""},"_links":{"self":[{"href":"https:\/\/motum-projekt.de\/index.php?rest_route=\/wp\/v2\/pages\/238"}],"collection":[{"href":"https:\/\/motum-projekt.de\/index.php?rest_route=\/wp\/v2\/pages"}],"about":[{"href":"https:\/\/motum-projekt.de\/index.php?rest_route=\/wp\/v2\/types\/page"}],"author":[{"embeddable":true,"href":"https:\/\/motum-projekt.de\/index.php?rest_route=\/wp\/v2\/users\/1"}],"replies":[{"embeddable":true,"href":"https:\/\/motum-projekt.de\/index.php?rest_route=%2Fwp%2Fv2%2Fcomments&post=238"}],"version-history":[{"count":27,"href":"https:\/\/motum-projekt.de\/index.php?rest_route=\/wp\/v2\/pages\/238\/revisions"}],"predecessor-version":[{"id":543,"href":"https:\/\/motum-projekt.de\/index.php?rest_route=\/wp\/v2\/pages\/238\/revisions\/543"}],"wp:attachment":[{"href":"https:\/\/motum-projekt.de\/index.php?rest_route=%2Fwp%2Fv2%2Fmedia&parent=238"}],"curies":[{"name":"wp","href":"https:\/\/api.w.org\/{rel}","templated":true}]}}